{"id":6300,"date":"2015-10-07T22:45:28","date_gmt":"2015-10-07T22:45:28","guid":{"rendered":"http:\/\/export-xml.qreativethemes.com\/thelandscaper\/?page_id=6300"},"modified":"2020-01-29T18:13:34","modified_gmt":"2020-01-29T17:13:34","slug":"frequently-asked-questions","status":"publish","type":"page","link":"https:\/\/gvm.lu\/?page_id=6300","title":{"rendered":"H\u00e4ffech gestallten Froen"},"content":{"rendered":"<div id=\"pl-6300\"  class=\"panel-layout\" ><div id=\"pg-6300-0\"  class=\"panel-grid panel-no-style\" ><div id=\"pgc-6300-0-0\"  class=\"panel-grid-cell\" ><div id=\"panel-6300-0-0-0\" class=\"so-panel widget widget_text panel-first-child panel-last-child\" data-index=\"0\" ><h3 class=\"widget-title\"><span class=\"light\">Froen?<\/span><\/h3>\t\t\t<div class=\"textwidget\"><div class=\"panel-group\" id=\"accordion-0\" data-panel=\"accordion-0\">\n    <div class=\"panel\"><div class=\"panel-heading\"><h3 class=\"panel-title\"><a class=\"accordion-toggle\" data-toggle=\"collapse\" data-parent=\"#accordion-0\" href=\"#collapse_0\" >Ween schafft bei irch<\/a><\/h3><\/div><div id=\"collapse_0\" class=\"panel-collapse collapse \"><div class=\"panel-body\">\n      Gutt ausgebilt Landschaftsg\u00e4ertner mat dem richtegen Knowhow  d\u00e9i op all \u00e4r Froen eng \u00c4ntwert w\u00ebssen.\n     <\/div><\/div><\/div>\n    <div class=\"panel\"><div class=\"panel-heading\"><h3 class=\"panel-title\"><a class=\"accordion-toggle\" data-toggle=\"collapse\" data-parent=\"#accordion-0\" href=\"#collapse_1\" >Sidd dir en professionellen G\u00e4rtner<\/a><\/h3><\/div><div id=\"collapse_1\" class=\"panel-collapse collapse \"><div class=\"panel-body\">\n2013 hunn ech meng Ausbildung an der Akerbauschoul mat engem Techniker Diplom an der T\u00e4sch am Gardenlandschaftsbau ofgeschloss\n     <\/div><\/div><\/div>\n    <div class=\"panel\"><div class=\"panel-heading\"><h3 class=\"panel-title\"><a class=\"accordion-toggle\" data-toggle=\"collapse\" data-parent=\"#accordion-0\" href=\"#collapse_2\" >Wei lang brauch een bei irch fir en Rendez-vous<\/a><\/h3><\/div><div id=\"collapse_2\" class=\"panel-collapse collapse \"><div class=\"panel-body\">\n       Mir prob\u00e9ieren eis Clienten \u00ebmmer sou s\u00e9ier wei m\u00e9iglech un r\u00e9i ze huelen an schaffen eis och en nom aneren of.\n     <\/div><\/div><\/div>\n    <div class=\"panel\"><div class=\"panel-heading\"><h3 class=\"panel-title\"><a class=\"accordion-toggle\" data-toggle=\"collapse\" data-parent=\"#accordion-0\" href=\"#collapse_3\" >Weieng Clienten hued dir hapts\u00e4chlech?<\/a><\/h3><\/div><div id=\"collapse_3\" class=\"panel-collapse collapse \"><div class=\"panel-body\">\nDad kann een net sou genau soen , mir schaffen vill mat Privatleit awer och mat Firmaen oder mir maachen bei den Residencen G\u00e4ert an r\u00e9i\n     <\/div><\/div><\/div>\n<\/div><\/div>\n\t\t<\/div><\/div><\/div><div id=\"pg-6300-1\"  class=\"panel-grid panel-has-style\" ><div class=\"siteorigin-panels-stretch panel-row-style panel-row-style-for-6300-1\" data-stretch-type=\"full\" ><div id=\"pgc-6300-1-0\"  class=\"panel-grid-cell\" ><div id=\"panel-6300-1-0-0\" class=\"so-panel widget widget_black-studio-tinymce widget_black_studio_tinymce panel-first-child\" data-index=\"1\" ><div class=\"text-center no-border panel-widget-style panel-widget-style-for-6300-1-0-0\" ><h3 class=\"widget-title\"><span class=\"light\">Dir<\/span> hued eng Fro \ud83d\ude09<\/h3><div class=\"textwidget\"><p>Fillt irch frei eis \u00e4er Froen ze stellen<\/p>\n<\/div><\/div><\/div><div id=\"panel-6300-1-0-1\" class=\"so-panel widget widget_text panel-last-child\" data-index=\"2\" >\t\t\t<div class=\"textwidget\">\n<div class=\"wpcf7 no-js\" id=\"wpcf7-f630-o1\" lang=\"en-US\" dir=\"ltr\" data-wpcf7-id=\"630\">\n<div class=\"screen-reader-response\"><p role=\"status\" aria-live=\"polite\" aria-atomic=\"true\"><\/p> <ul><\/ul><\/div>\n<form action=\"\/index.php?rest_route=%2Fwp%2Fv2%2Fpages%2F6300#wpcf7-f630-o1\" method=\"post\" class=\"wpcf7-form init\" aria-label=\"Contact form\" novalidate=\"novalidate\" data-status=\"init\">\n<div style=\"display: none;\">\n<input type=\"hidden\" name=\"_wpcf7\" value=\"630\" \/>\n<input type=\"hidden\" name=\"_wpcf7_version\" value=\"6.0.3\" \/>\n<input type=\"hidden\" name=\"_wpcf7_locale\" value=\"en_US\" \/>\n<input type=\"hidden\" name=\"_wpcf7_unit_tag\" value=\"wpcf7-f630-o1\" \/>\n<input type=\"hidden\" name=\"_wpcf7_container_post\" value=\"0\" \/>\n<input type=\"hidden\" name=\"_wpcf7_posted_data_hash\" value=\"\" \/>\n<\/div>\n<div class=\"row\">\n\t<div class=\"col-xs-12 col-md-6\">\n\t\t<p><span>Aeren Numm *<br \/>\n<span class=\"wpcf7-form-control-wrap\" data-name=\"your-name\"><input size=\"40\" maxlength=\"400\" class=\"wpcf7-form-control wpcf7-text wpcf7-validates-as-required\" aria-required=\"true\" aria-invalid=\"false\" placeholder=\"Numm\" value=\"\" type=\"text\" name=\"your-name\" \/><\/span><\/span>\n\t\t<\/p>\n\t<\/div>\n\t<div class=\"col-xs-12 col-md-6\">\n\t\t<p><span>E-Mail *<br \/>\n<span class=\"wpcf7-form-control-wrap\" data-name=\"your-email\"><input size=\"40\" maxlength=\"400\" class=\"wpcf7-form-control wpcf7-email wpcf7-validates-as-required wpcf7-text wpcf7-validates-as-email\" aria-required=\"true\" aria-invalid=\"false\" placeholder=\"E-mail Address\" value=\"\" type=\"email\" name=\"your-email\" \/><\/span><\/span>\n\t\t<\/p>\n\t<\/div>\n\t<div class=\"col-xs-12 col-md-6\">\n\t\t<p><span>Titel<br \/>\n<span class=\"wpcf7-form-control-wrap\" data-name=\"your-subject\"><input size=\"40\" maxlength=\"400\" class=\"wpcf7-form-control wpcf7-text\" aria-invalid=\"false\" placeholder=\"Titel\" value=\"\" type=\"text\" name=\"your-subject\" \/><\/span><\/span>\n\t\t<\/p>\n\t<\/div>\n\t<div class=\"col-xs-12 col-md-6\">\n\t\t<p><span>Tel *<br \/>\n<span class=\"wpcf7-form-control-wrap\" data-name=\"phone-number\"><input size=\"40\" maxlength=\"400\" class=\"wpcf7-form-control wpcf7-tel wpcf7-text wpcf7-validates-as-tel\" aria-invalid=\"false\" placeholder=\"Tel\" value=\"\" type=\"tel\" name=\"phone-number\" \/><\/span><\/span>\n\t\t<\/p>\n\t<\/div>\n\t<div class=\"col-xs-12\">\n\t\t<p><span>Message *<br \/>\n<span class=\"wpcf7-form-control-wrap\" data-name=\"your-message\"><textarea cols=\"40\" rows=\"10\" maxlength=\"2000\" class=\"wpcf7-form-control wpcf7-textarea wpcf7-validates-as-required\" aria-required=\"true\" aria-invalid=\"false\" placeholder=\"Aer Noricht...\" name=\"your-message\"><\/textarea><\/span><\/span>\n\t\t<\/p>\n\t<\/div>\n\t<div class=\"col-xs-12\">\n\t\t<p><input class=\"wpcf7-form-control wpcf7-submit has-spinner btn btn-primary\" type=\"submit\" value=\"Gesendet\" \/><br \/>\n<span class=\"info-text\">Alles ausfellen \ud83d\ude09<\/span>\n\t\t<\/p>\n\t<\/div>\n<\/div><div class=\"wpcf7-response-output\" aria-hidden=\"true\"><\/div>\n<\/form>\n<\/div>\n\n<\/div>\n\t\t<\/div><\/div><\/div><\/div><\/div>","protected":false},"excerpt":{"rendered":"<p>Fillt irch frei eis \u00e4er Froen ze stellen<\/p>\n","protected":false},"author":1,"featured_media":0,"parent":0,"menu_order":0,"comment_status":"closed","ping_status":"closed","template":"","meta":{"footnotes":""},"class_list":["post-6300","page","type-page","status-publish","hentry"],"yoast_head":"<!-- This site is optimized with the Yoast SEO plugin v24.2 - https:\/\/yoast.com\/wordpress\/plugins\/seo\/ -->\n<title>H\u00e4ffech gestallten Froen - De Gaart vun Muer<\/title>\n<meta name=\"description\" content=\"Gaart Jardin Arbeiten Luxemburg Letzebuerg Jardin Luxembourg De Gaart vun Muer Muer De gaart Gaart G\u00e4rtner\" \/>\n<meta name=\"robots\" content=\"index, follow, max-snippet:-1, max-image-preview:large, max-video-preview:-1\" \/>\n<link rel=\"canonical\" href=\"https:\/\/gvm.lu\/?page_id=6300\" \/>\n<meta property=\"og:locale\" content=\"de_DE\" \/>\n<meta property=\"og:type\" content=\"article\" \/>\n<meta property=\"og:title\" content=\"H\u00e4ffech gestallten Froen - De Gaart vun Muer\" \/>\n<meta property=\"og:description\" content=\"Gaart Jardin Arbeiten Luxemburg Letzebuerg Jardin Luxembourg De Gaart vun Muer Muer De gaart Gaart G\u00e4rtner\" \/>\n<meta property=\"og:url\" content=\"https:\/\/gvm.lu\/?page_id=6300\" \/>\n<meta property=\"og:site_name\" content=\"De Gaart vun Muer\" \/>\n<meta property=\"article:publisher\" content=\"https:\/\/www.facebook.com\/De-Gaart-vun-Muer-1929777180684364\/\" \/>\n<meta property=\"article:modified_time\" content=\"2020-01-29T17:13:34+00:00\" \/>\n<meta name=\"twitter:card\" content=\"summary_large_image\" \/>\n<meta name=\"twitter:label1\" content=\"Gesch\u00e4tzte Lesezeit\" \/>\n\t<meta name=\"twitter:data1\" content=\"1\u00a0Minute\" \/>\n<script type=\"application\/ld+json\" class=\"yoast-schema-graph\">{\"@context\":\"https:\/\/schema.org\",\"@graph\":[{\"@type\":\"WebPage\",\"@id\":\"https:\/\/gvm.lu\/?page_id=6300\",\"url\":\"https:\/\/gvm.lu\/?page_id=6300\",\"name\":\"H\u00e4ffech gestallten Froen - De Gaart vun Muer\",\"isPartOf\":{\"@id\":\"https:\/\/gvm.lu\/#website\"},\"datePublished\":\"2015-10-07T22:45:28+00:00\",\"dateModified\":\"2020-01-29T17:13:34+00:00\",\"description\":\"Gaart Jardin Arbeiten Luxemburg Letzebuerg Jardin Luxembourg De Gaart vun Muer Muer De gaart Gaart G\u00e4rtner\",\"breadcrumb\":{\"@id\":\"https:\/\/gvm.lu\/?page_id=6300#breadcrumb\"},\"inLanguage\":\"de\",\"potentialAction\":[{\"@type\":\"ReadAction\",\"target\":[\"https:\/\/gvm.lu\/?page_id=6300\"]}]},{\"@type\":\"BreadcrumbList\",\"@id\":\"https:\/\/gvm.lu\/?page_id=6300#breadcrumb\",\"itemListElement\":[{\"@type\":\"ListItem\",\"position\":1,\"name\":\"Startseite\",\"item\":\"https:\/\/gvm.lu\/\"},{\"@type\":\"ListItem\",\"position\":2,\"name\":\"H\u00e4ffech gestallten Froen\"}]},{\"@type\":\"WebSite\",\"@id\":\"https:\/\/gvm.lu\/#website\",\"url\":\"https:\/\/gvm.lu\/\",\"name\":\"De Gaart vun Muer\",\"description\":\"Aeren Gaart zum fairen Prais\",\"publisher\":{\"@id\":\"https:\/\/gvm.lu\/#organization\"},\"potentialAction\":[{\"@type\":\"SearchAction\",\"target\":{\"@type\":\"EntryPoint\",\"urlTemplate\":\"https:\/\/gvm.lu\/?s={search_term_string}\"},\"query-input\":{\"@type\":\"PropertyValueSpecification\",\"valueRequired\":true,\"valueName\":\"search_term_string\"}}],\"inLanguage\":\"de\"},{\"@type\":\"Organization\",\"@id\":\"https:\/\/gvm.lu\/#organization\",\"name\":\"De Gaart vun Muer\",\"url\":\"https:\/\/gvm.lu\/\",\"logo\":{\"@type\":\"ImageObject\",\"inLanguage\":\"de\",\"@id\":\"https:\/\/gvm.lu\/#\/schema\/logo\/image\/\",\"url\":\"https:\/\/gvm.lu\/wp-content\/uploads\/2018\/06\/246FE6EE-B3D7-42DC-8FEC-57CB7D24842C.png\",\"contentUrl\":\"https:\/\/gvm.lu\/wp-content\/uploads\/2018\/06\/246FE6EE-B3D7-42DC-8FEC-57CB7D24842C.png\",\"width\":245,\"height\":105,\"caption\":\"De Gaart vun Muer\"},\"image\":{\"@id\":\"https:\/\/gvm.lu\/#\/schema\/logo\/image\/\"},\"sameAs\":[\"https:\/\/www.facebook.com\/De-Gaart-vun-Muer-1929777180684364\/\"]}]}<\/script>\n<!-- \/ Yoast SEO plugin. -->","yoast_head_json":{"title":"H\u00e4ffech gestallten Froen - De Gaart vun Muer","description":"Gaart Jardin Arbeiten Luxemburg Letzebuerg Jardin Luxembourg De Gaart vun Muer Muer De gaart Gaart G\u00e4rtner","robots":{"index":"index","follow":"follow","max-snippet":"max-snippet:-1","max-image-preview":"max-image-preview:large","max-video-preview":"max-video-preview:-1"},"canonical":"https:\/\/gvm.lu\/?page_id=6300","og_locale":"de_DE","og_type":"article","og_title":"H\u00e4ffech gestallten Froen - De Gaart vun Muer","og_description":"Gaart Jardin Arbeiten Luxemburg Letzebuerg Jardin Luxembourg De Gaart vun Muer Muer De gaart Gaart G\u00e4rtner","og_url":"https:\/\/gvm.lu\/?page_id=6300","og_site_name":"De Gaart vun Muer","article_publisher":"https:\/\/www.facebook.com\/De-Gaart-vun-Muer-1929777180684364\/","article_modified_time":"2020-01-29T17:13:34+00:00","twitter_card":"summary_large_image","twitter_misc":{"Gesch\u00e4tzte Lesezeit":"1\u00a0Minute"},"schema":{"@context":"https:\/\/schema.org","@graph":[{"@type":"WebPage","@id":"https:\/\/gvm.lu\/?page_id=6300","url":"https:\/\/gvm.lu\/?page_id=6300","name":"H\u00e4ffech gestallten Froen - De Gaart vun Muer","isPartOf":{"@id":"https:\/\/gvm.lu\/#website"},"datePublished":"2015-10-07T22:45:28+00:00","dateModified":"2020-01-29T17:13:34+00:00","description":"Gaart Jardin Arbeiten Luxemburg Letzebuerg Jardin Luxembourg De Gaart vun Muer Muer De gaart Gaart G\u00e4rtner","breadcrumb":{"@id":"https:\/\/gvm.lu\/?page_id=6300#breadcrumb"},"inLanguage":"de","potentialAction":[{"@type":"ReadAction","target":["https:\/\/gvm.lu\/?page_id=6300"]}]},{"@type":"BreadcrumbList","@id":"https:\/\/gvm.lu\/?page_id=6300#breadcrumb","itemListElement":[{"@type":"ListItem","position":1,"name":"Startseite","item":"https:\/\/gvm.lu\/"},{"@type":"ListItem","position":2,"name":"H\u00e4ffech gestallten Froen"}]},{"@type":"WebSite","@id":"https:\/\/gvm.lu\/#website","url":"https:\/\/gvm.lu\/","name":"De Gaart vun Muer","description":"Aeren Gaart zum fairen Prais","publisher":{"@id":"https:\/\/gvm.lu\/#organization"},"potentialAction":[{"@type":"SearchAction","target":{"@type":"EntryPoint","urlTemplate":"https:\/\/gvm.lu\/?s={search_term_string}"},"query-input":{"@type":"PropertyValueSpecification","valueRequired":true,"valueName":"search_term_string"}}],"inLanguage":"de"},{"@type":"Organization","@id":"https:\/\/gvm.lu\/#organization","name":"De Gaart vun Muer","url":"https:\/\/gvm.lu\/","logo":{"@type":"ImageObject","inLanguage":"de","@id":"https:\/\/gvm.lu\/#\/schema\/logo\/image\/","url":"https:\/\/gvm.lu\/wp-content\/uploads\/2018\/06\/246FE6EE-B3D7-42DC-8FEC-57CB7D24842C.png","contentUrl":"https:\/\/gvm.lu\/wp-content\/uploads\/2018\/06\/246FE6EE-B3D7-42DC-8FEC-57CB7D24842C.png","width":245,"height":105,"caption":"De Gaart vun Muer"},"image":{"@id":"https:\/\/gvm.lu\/#\/schema\/logo\/image\/"},"sameAs":["https:\/\/www.facebook.com\/De-Gaart-vun-Muer-1929777180684364\/"]}]}},"_links":{"self":[{"href":"https:\/\/gvm.lu\/index.php?rest_route=\/wp\/v2\/pages\/6300","targetHints":{"allow":["GET"]}}],"collection":[{"href":"https:\/\/gvm.lu\/index.php?rest_route=\/wp\/v2\/pages"}],"about":[{"href":"https:\/\/gvm.lu\/index.php?rest_route=\/wp\/v2\/types\/page"}],"author":[{"embeddable":true,"href":"https:\/\/gvm.lu\/index.php?rest_route=\/wp\/v2\/users\/1"}],"replies":[{"embeddable":true,"href":"https:\/\/gvm.lu\/index.php?rest_route=%2Fwp%2Fv2%2Fcomments&post=6300"}],"version-history":[{"count":8,"href":"https:\/\/gvm.lu\/index.php?rest_route=\/wp\/v2\/pages\/6300\/revisions"}],"predecessor-version":[{"id":8270,"href":"https:\/\/gvm.lu\/index.php?rest_route=\/wp\/v2\/pages\/6300\/revisions\/8270"}],"wp:attachment":[{"href":"https:\/\/gvm.lu\/index.php?rest_route=%2Fwp%2Fv2%2Fmedia&parent=6300"}],"curies":[{"name":"wp","href":"https:\/\/api.w.org\/{rel}","templated":true}]}}